{"id":29,"date":"2014-08-25T20:45:17","date_gmt":"2014-08-25T20:45:17","guid":{"rendered":"https:\/\/www.focushunting.ro\/es-es\/?page_id=29"},"modified":"2014-09-15T21:02:00","modified_gmt":"2014-09-15T21:02:00","slug":"urogallo","status":"publish","type":"page","link":"https:\/\/www.focushunting.ro\/es-es\/urogallo\/","title":{"rendered":"Urogallo"},"content":{"rendered":"<p>En Rumania viven en toda la regi\u00f3n de los C\u00e1rpatos, en los bosques resinosos, en una altitud de 1200 metros, aunque la densidad de la poblaci\u00f3n es muy diferente en las regiones. A veces los urogallos se reproducen en bosques mixtos. Seg\u00fan las estimaciones la poblaci\u00f3n de urogallos de Rumania es de 10.000 ejemplares. No es posible una evaluaci\u00f3n de las parejas, ya que el urogallo es un ave pol\u00edgamo, y el n\u00famero de hembras es variable. En el per\u00edodo de apareamiento los urogallos machos llaman la atenci\u00f3n de las hembras mediante sonidos espec\u00edficos y despliegan sus colas en abanico. Durante el apareamiento el urogallo es sordo porque la pared posterior del canal auditivo se hincha y lo obtura y la prominencia ososa del pico cubre el orificio de la oreja. De aqu\u00ed procede la palabra en h\u00fangaro: \u201esiketfajd\u201d (siket=sordo, fajd=gallo). Despu\u00e9s de que cierre el pico el urogallo puede o\u00edr de nuevo.<\/p>\n<p>Durante la noche el cazador se va en el lugar de apareamiento y al alba se acerca de los urogallos. Este m\u00e9todo de caza tiene un encanto especial.<\/p>\n<p><strong style=\"color: #ff0000;\">Para informaci\u00f3n detallada en relaci\u00f3n con la caza y los precios puede contactarnos!<\/strong><\/p>\n","protected":false},"excerpt":{"rendered":"<p>En Rumania viven en toda la regi\u00f3n de los C\u00e1rpatos, en los bosques resinosos, en una altitud de 1200 metros, aunque la densidad de la poblaci\u00f3n es muy diferente en las regiones. A veces los urogallos se reproducen en bosques &hellip;<\/p>\n<p class=\"read-more\"> <a class=\"more-link\" href=\"https:\/\/www.focushunting.ro\/es-es\/urogallo\/\"> <span class=\"screen-reader-text\">Urogallo<\/span> Leer M\u00e1s  &raquo;<\/a><\/p>\n","protected":false},"author":1,"featured_media":0,"parent":0,"menu_order":0,"comment_status":"open","ping_status":"open","template":"","meta":{"_acf_changed":false,"footnotes":""},"class_list":["post-29","page","type-page","status-publish","hentry"],"acf":[],"aioseo_notices":[],"yoast_head":"<!-- This site is optimized with the Yoast SEO plugin v27.4 - https:\/\/yoast.com\/product\/yoast-seo-wordpress\/ -->\n<title>Urogallo - FOCUS Hunting and Fishing Transylvania<\/title>\n<meta name=\"robots\" content=\"index, follow, max-snippet:-1, max-image-preview:large, max-video-preview:-1\" \/>\n<link rel=\"canonical\" href=\"https:\/\/www.focushunting.ro\/es-es\/urogallo\/\" \/>\n<meta property=\"og:locale\" content=\"es_ES\" \/>\n<meta property=\"og:type\" content=\"article\" \/>\n<meta property=\"og:title\" content=\"Urogallo - FOCUS Hunting and Fishing Transylvania\" \/>\n<meta property=\"og:description\" content=\"En Rumania viven en toda la regi\u00f3n de los C\u00e1rpatos, en los bosques resinosos, en una altitud de 1200 metros, aunque la densidad de la poblaci\u00f3n es muy diferente en las regiones. A veces los urogallos se reproducen en bosques &hellip; Urogallo Leer M\u00e1s &raquo;\" \/>\n<meta property=\"og:url\" content=\"https:\/\/www.focushunting.ro\/es-es\/urogallo\/\" \/>\n<meta property=\"og:site_name\" content=\"FOCUS Hunting and Fishing Transylvania\" \/>\n<meta property=\"article:modified_time\" content=\"2014-09-15T21:02:00+00:00\" \/>\n<meta name=\"twitter:card\" content=\"summary_large_image\" \/>\n<meta name=\"twitter:label1\" content=\"Est. reading time\" \/>\n\t<meta name=\"twitter:data1\" content=\"1 minute\" \/>\n<script type=\"application\/ld+json\" class=\"yoast-schema-graph\">{\"@context\":\"https:\\\/\\\/schema.org\",\"@graph\":[{\"@type\":\"WebPage\",\"@id\":\"https:\\\/\\\/www.focushunting.ro\\\/es-es\\\/urogallo\\\/\",\"url\":\"https:\\\/\\\/www.focushunting.ro\\\/es-es\\\/urogallo\\\/\",\"name\":\"Urogallo - FOCUS Hunting and Fishing Transylvania\",\"isPartOf\":{\"@id\":\"https:\\\/\\\/www.focushunting.ro\\\/es-es\\\/#website\"},\"datePublished\":\"2014-08-25T20:45:17+00:00\",\"dateModified\":\"2014-09-15T21:02:00+00:00\",\"breadcrumb\":{\"@id\":\"https:\\\/\\\/www.focushunting.ro\\\/es-es\\\/urogallo\\\/#breadcrumb\"},\"inLanguage\":\"es-ES\",\"potentialAction\":[{\"@type\":\"ReadAction\",\"target\":[\"https:\\\/\\\/www.focushunting.ro\\\/es-es\\\/urogallo\\\/\"]}]},{\"@type\":\"BreadcrumbList\",\"@id\":\"https:\\\/\\\/www.focushunting.ro\\\/es-es\\\/urogallo\\\/#breadcrumb\",\"itemListElement\":[{\"@type\":\"ListItem\",\"position\":1,\"name\":\"Home\",\"item\":\"https:\\\/\\\/www.focushunting.ro\\\/es-es\\\/\"},{\"@type\":\"ListItem\",\"position\":2,\"name\":\"Urogallo\"}]},{\"@type\":\"WebSite\",\"@id\":\"https:\\\/\\\/www.focushunting.ro\\\/es-es\\\/#website\",\"url\":\"https:\\\/\\\/www.focushunting.ro\\\/es-es\\\/\",\"name\":\"FOCUS Hunting and Fishing Transylvania\",\"description\":\"FOCUS Hunting and Fishing Transylvania\",\"potentialAction\":[{\"@type\":\"SearchAction\",\"target\":{\"@type\":\"EntryPoint\",\"urlTemplate\":\"https:\\\/\\\/www.focushunting.ro\\\/es-es\\\/?s={search_term_string}\"},\"query-input\":{\"@type\":\"PropertyValueSpecification\",\"valueRequired\":true,\"valueName\":\"search_term_string\"}}],\"inLanguage\":\"es-ES\"}]}<\/script>\n<!-- \/ Yoast SEO plugin. -->","yoast_head_json":{"title":"Urogallo - FOCUS Hunting and Fishing Transylvania","robots":{"index":"index","follow":"follow","max-snippet":"max-snippet:-1","max-image-preview":"max-image-preview:large","max-video-preview":"max-video-preview:-1"},"canonical":"https:\/\/www.focushunting.ro\/es-es\/urogallo\/","og_locale":"es_ES","og_type":"article","og_title":"Urogallo - FOCUS Hunting and Fishing Transylvania","og_description":"En Rumania viven en toda la regi\u00f3n de los C\u00e1rpatos, en los bosques resinosos, en una altitud de 1200 metros, aunque la densidad de la poblaci\u00f3n es muy diferente en las regiones. A veces los urogallos se reproducen en bosques &hellip; Urogallo Leer M\u00e1s &raquo;","og_url":"https:\/\/www.focushunting.ro\/es-es\/urogallo\/","og_site_name":"FOCUS Hunting and Fishing Transylvania","article_modified_time":"2014-09-15T21:02:00+00:00","twitter_card":"summary_large_image","twitter_misc":{"Est. reading time":"1 minute"},"schema":{"@context":"https:\/\/schema.org","@graph":[{"@type":"WebPage","@id":"https:\/\/www.focushunting.ro\/es-es\/urogallo\/","url":"https:\/\/www.focushunting.ro\/es-es\/urogallo\/","name":"Urogallo - FOCUS Hunting and Fishing Transylvania","isPartOf":{"@id":"https:\/\/www.focushunting.ro\/es-es\/#website"},"datePublished":"2014-08-25T20:45:17+00:00","dateModified":"2014-09-15T21:02:00+00:00","breadcrumb":{"@id":"https:\/\/www.focushunting.ro\/es-es\/urogallo\/#breadcrumb"},"inLanguage":"es-ES","potentialAction":[{"@type":"ReadAction","target":["https:\/\/www.focushunting.ro\/es-es\/urogallo\/"]}]},{"@type":"BreadcrumbList","@id":"https:\/\/www.focushunting.ro\/es-es\/urogallo\/#breadcrumb","itemListElement":[{"@type":"ListItem","position":1,"name":"Home","item":"https:\/\/www.focushunting.ro\/es-es\/"},{"@type":"ListItem","position":2,"name":"Urogallo"}]},{"@type":"WebSite","@id":"https:\/\/www.focushunting.ro\/es-es\/#website","url":"https:\/\/www.focushunting.ro\/es-es\/","name":"FOCUS Hunting and Fishing Transylvania","description":"FOCUS Hunting and Fishing Transylvania","potentialAction":[{"@type":"SearchAction","target":{"@type":"EntryPoint","urlTemplate":"https:\/\/www.focushunting.ro\/es-es\/?s={search_term_string}"},"query-input":{"@type":"PropertyValueSpecification","valueRequired":true,"valueName":"search_term_string"}}],"inLanguage":"es-ES"}]}},"_links":{"self":[{"href":"https:\/\/www.focushunting.ro\/es-es\/wp-json\/wp\/v2\/pages\/29","targetHints":{"allow":["GET"]}}],"collection":[{"href":"https:\/\/www.focushunting.ro\/es-es\/wp-json\/wp\/v2\/pages"}],"about":[{"href":"https:\/\/www.focushunting.ro\/es-es\/wp-json\/wp\/v2\/types\/page"}],"author":[{"embeddable":true,"href":"https:\/\/www.focushunting.ro\/es-es\/wp-json\/wp\/v2\/users\/1"}],"replies":[{"embeddable":true,"href":"https:\/\/www.focushunting.ro\/es-es\/wp-json\/wp\/v2\/comments?post=29"}],"version-history":[{"count":2,"href":"https:\/\/www.focushunting.ro\/es-es\/wp-json\/wp\/v2\/pages\/29\/revisions"}],"predecessor-version":[{"id":61,"href":"https:\/\/www.focushunting.ro\/es-es\/wp-json\/wp\/v2\/pages\/29\/revisions\/61"}],"wp:attachment":[{"href":"https:\/\/www.focushunting.ro\/es-es\/wp-json\/wp\/v2\/media?parent=29"}],"curies":[{"name":"wp","href":"https:\/\/api.w.org\/{rel}","templated":true}]}}